{"id":35,"date":"2024-01-30T21:25:47","date_gmt":"2024-01-30T20:25:47","guid":{"rendered":"https:\/\/www.asociaciaam.sk\/?page_id=35"},"modified":"2024-02-26T13:45:15","modified_gmt":"2024-02-26T12:45:15","slug":"aktivity-pre-clenov-a-komunikacia","status":"publish","type":"page","link":"https:\/\/www.asociaciaam.sk\/index.php\/clenska-zona-saam\/aktivity-pre-clenov-a-komunikacia\/","title":{"rendered":"Aktivity pre \u010dlenov a komunik\u00e1cia"},"content":{"rendered":"\n<h3 class=\"wp-block-heading\">Aktivity, do ktor\u00fdch je mo\u017en\u00e9 sa zapoji\u0165<\/h3>\n\n\n\n<p>N\u00e1rodn\u00fd projekt  WAI Asociovan\u00fd partner<\/p>\n\n\n\n<p><a href=\"https:\/\/www.asociaciaam.sk\/index.php\/2024\/02\/23\/integrage-projekt\/\" data-type=\"post\" data-id=\"52\">IntegrAGE &#8211; praktick\u00fd pr\u00edstup na podporu zdrav\u00e9ho prisp\u00f4sobenia a integr\u00e1cie pracovnej sily 55+ na trh pr\u00e1ce<\/a><\/p>\n\n\n\n<p>Testovanie n\u00e1strojov na medzigenera\u010dn\u00fa v\u00fdmenu sk\u00fasenost\u00ed (pripravuje sa)<\/p>\n\n\n\n<h3 class=\"wp-block-heading\">Komunik\u00e1cia<\/h3>\n\n\n\n<p>Zverejnen\u00e9 spr\u00e1vy a v\u00fdzvy<\/p>\n\n\n<div class=\"wp-block-jetpack-contact-form is-layout-flex wp-container-jetpack-contact-form-is-layout-b7ed9015 wp-block-jetpack-contact-form-is-layout-flex\"><a href=\"https:\/\/www.asociaciaam.sk\/index.php\/clenska-zona-saam\/aktivity-pre-clenov-a-komunikacia\/\" target=\"_blank\" rel=\"noopener noreferrer\">Submit a form.<\/a><\/div>","protected":false},"excerpt":{"rendered":"<p>Aktivity, do ktor\u00fdch je mo\u017en\u00e9 sa zapoji\u0165 N\u00e1rodn\u00fd projekt WAI Asociovan\u00fd partner IntegrAGE &#8211; praktick\u00fd pr\u00edstup na podporu zdrav\u00e9ho prisp\u00f4sobenia a integr\u00e1cie pracovnej sily 55+ na trh pr\u00e1ce Testovanie n\u00e1strojov na medzigenera\u010dn\u00fa v\u00fdmenu sk\u00fasenost\u00ed (pripravuje sa) Komunik\u00e1cia Zverejnen\u00e9 spr\u00e1vy a v\u00fdzvy<\/p>\n","protected":false},"author":1,"featured_media":36,"parent":6,"menu_order":0,"comment_status":"closed","ping_status":"closed","template":"","meta":{"footnotes":""},"class_list":["post-35","page","type-page","status-publish","has-post-thumbnail","hentry"],"jetpack_sharing_enabled":true,"_links":{"self":[{"href":"https:\/\/www.asociaciaam.sk\/index.php\/wp-json\/wp\/v2\/pages\/35","targetHints":{"allow":["GET"]}}],"collection":[{"href":"https:\/\/www.asociaciaam.sk\/index.php\/wp-json\/wp\/v2\/pages"}],"about":[{"href":"https:\/\/www.asociaciaam.sk\/index.php\/wp-json\/wp\/v2\/types\/page"}],"author":[{"embeddable":true,"href":"https:\/\/www.asociaciaam.sk\/index.php\/wp-json\/wp\/v2\/users\/1"}],"replies":[{"embeddable":true,"href":"https:\/\/www.asociaciaam.sk\/index.php\/wp-json\/wp\/v2\/comments?post=35"}],"version-history":[{"count":3,"href":"https:\/\/www.asociaciaam.sk\/index.php\/wp-json\/wp\/v2\/pages\/35\/revisions"}],"predecessor-version":[{"id":74,"href":"https:\/\/www.asociaciaam.sk\/index.php\/wp-json\/wp\/v2\/pages\/35\/revisions\/74"}],"up":[{"embeddable":true,"href":"https:\/\/www.asociaciaam.sk\/index.php\/wp-json\/wp\/v2\/pages\/6"}],"wp:featuredmedia":[{"embeddable":true,"href":"https:\/\/www.asociaciaam.sk\/index.php\/wp-json\/wp\/v2\/media\/36"}],"wp:attachment":[{"href":"https:\/\/www.asociaciaam.sk\/index.php\/wp-json\/wp\/v2\/media?parent=35"}],"curies":[{"name":"wp","href":"https:\/\/api.w.org\/{rel}","templated":true}]}}