{"id":43,"date":"2024-01-31T11:30:48","date_gmt":"2024-01-31T10:30:48","guid":{"rendered":"https:\/\/www.asociaciaam.sk\/?page_id=43"},"modified":"2024-02-23T22:42:41","modified_gmt":"2024-02-23T21:42:41","slug":"profil-clena","status":"publish","type":"page","link":"https:\/\/www.asociaciaam.sk\/index.php\/profil-clena\/","title":{"rendered":"Profil \u010dlena"},"content":{"rendered":"\n<p><\/p>\n\n\n\n<h3 class=\"wp-block-heading\">Inform\u00e1cie o \u010dlenovi<\/h3>\n\n\n\n<p>\n<iframe loading=\"lazy\" src=\"https:\/\/www.asociaciaam.sk\/fu\/profile.php\" width=\"600\" height=\"600\" frameBorder=\"0\"><\/iframe>\n<\/p>\n\n\n\n<h3 class=\"wp-block-heading\">Aktivity a programy<\/h3>\n\n\n\n<p>\u00darove\u0148 \u010dlenstva<\/p>\n\n\n\n<p>Aktivity, v ktor\u00fdch som anaga\u017eovan\u00e1\/n\u00fd<\/p>\n","protected":false},"excerpt":{"rendered":"<p>Inform\u00e1cie o \u010dlenovi Aktivity a programy \u00darove\u0148 \u010dlenstva Aktivity, v ktor\u00fdch som anaga\u017eovan\u00e1\/n\u00fd<\/p>\n","protected":false},"author":1,"featured_media":44,"parent":0,"menu_order":0,"comment_status":"closed","ping_status":"closed","template":"","meta":{"footnotes":""},"class_list":["post-43","page","type-page","status-publish","has-post-thumbnail","hentry"],"jetpack_sharing_enabled":true,"_links":{"self":[{"href":"https:\/\/www.asociaciaam.sk\/index.php\/wp-json\/wp\/v2\/pages\/43","targetHints":{"allow":["GET"]}}],"collection":[{"href":"https:\/\/www.asociaciaam.sk\/index.php\/wp-json\/wp\/v2\/pages"}],"about":[{"href":"https:\/\/www.asociaciaam.sk\/index.php\/wp-json\/wp\/v2\/types\/page"}],"author":[{"embeddable":true,"href":"https:\/\/www.asociaciaam.sk\/index.php\/wp-json\/wp\/v2\/users\/1"}],"replies":[{"embeddable":true,"href":"https:\/\/www.asociaciaam.sk\/index.php\/wp-json\/wp\/v2\/comments?post=43"}],"version-history":[{"count":9,"href":"https:\/\/www.asociaciaam.sk\/index.php\/wp-json\/wp\/v2\/pages\/43\/revisions"}],"predecessor-version":[{"id":72,"href":"https:\/\/www.asociaciaam.sk\/index.php\/wp-json\/wp\/v2\/pages\/43\/revisions\/72"}],"wp:featuredmedia":[{"embeddable":true,"href":"https:\/\/www.asociaciaam.sk\/index.php\/wp-json\/wp\/v2\/media\/44"}],"wp:attachment":[{"href":"https:\/\/www.asociaciaam.sk\/index.php\/wp-json\/wp\/v2\/media?parent=43"}],"curies":[{"name":"wp","href":"https:\/\/api.w.org\/{rel}","templated":true}]}}